{"id":2,"date":"2016-05-10T03:48:21","date_gmt":"2016-05-10T03:48:21","guid":{"rendered":"https:\/\/florian-weiland.de\/?page_id=2"},"modified":"2020-01-22T20:04:53","modified_gmt":"2020-01-22T20:04:53","slug":"sample-page","status":"publish","type":"page","link":"https:\/\/florian-weiland.de\/","title":{"rendered":"Willkommen!"},"content":{"rendered":"<p>Guten Tag,<\/p>\n<p>mein Name ist Florian Weiland. Derzeit studiere ich im Master Wirtschaftsingenieurwesen Maschinenbau an der RWTH Aachen. Lernen Sie mich doch in meinem Lebenslauf kennen! Oder schreiben Sie mir unter:<\/p>\n<p>kontakt [at] florian-weiland.de oder direkt <a href=\"mailto:kontakt@florian-weiland.de\">hier<\/a>. Sie erreichen mich auch bei <a href=\"https:\/\/www.linkedin.com\/in\/florian-weiland-10a83712a\">LinkedIn<\/a> und <a href=\"https:\/\/www.xing.com\/profile\/Florian_Weiland6\/cv\">Xing<\/a>.<\/p>\n<p><img decoding=\"async\" loading=\"lazy\" class=\"aligncenter wp-image-26 size-full\" src=\"https:\/\/florian-weiland.de\/wp-content\/uploads\/2018\/11\/Weiland-Florian-3-von-11-1.png\" alt=\"\" width=\"1095\" height=\"730\" srcset=\"https:\/\/florian-weiland.de\/wp-content\/uploads\/2018\/11\/Weiland-Florian-3-von-11-1.png 1095w, https:\/\/florian-weiland.de\/wp-content\/uploads\/2018\/11\/Weiland-Florian-3-von-11-1-300x200.png 300w, https:\/\/florian-weiland.de\/wp-content\/uploads\/2018\/11\/Weiland-Florian-3-von-11-1-768x512.png 768w, https:\/\/florian-weiland.de\/wp-content\/uploads\/2018\/11\/Weiland-Florian-3-von-11-1-1024x683.png 1024w\" sizes=\"(max-width: 706px) 89vw, (max-width: 767px) 82vw, 740px\" \/><\/p>\n\n\n<p>&nbsp;<\/p>\n\n\n\n<p>&nbsp;<\/p>\n\n\n\n<p>&nbsp;<\/p>\n\n\n\n<hr class=\"wp-block-separator\"\/>\n\n\n\n<h2 class=\"has-text-align-left\">Lebenslauf<\/h2>\n\n\n\n<h2>STUDIUM<\/h2>\n\n\n\n<h4 class=\"has-text-align-left\">M.Sc. Wirtschaftsingenieurwesen Maschinenbau<strong>,<\/strong> <em>RWTH Aachen University<\/em><\/h4>\n\n\n\n<p>Seit 04\/2018<\/p>\n\n\n\n<p>Vertiefungen Produktionstechnik, Corporate Development and Strategy<\/p>\n\n\n\n<p>Master-Thesis bei Infineon Technologies AG und Institut f\u00fcr Arbeitswissenschaft <br>(Prof. M\u00fctze-Niew\u00f6hner):<br> \u201eEntwicklung eines agilen Produktentwicklungsframework f\u00fcr die Leistungshalbleiterindustrie\u201c <\/p>\n\n\n\n<p>Note 1.4 (Stand 22.01.2020)<\/p>\n\n\n\n<h4>B.Sc. Wirtschaftsingenieurwesen Maschinenbau, <em>RWTH Aachen University<\/em><\/h4>\n\n\n\n<p>10\/2013 \u2013 03\/2018<\/p>\n\n\n\n<p>Vertiefung Produktionstechnik<\/p>\n\n\n\n<p>Bachelor-Thesis am Lehrstuhl f\u00fcr\nProduktionssystematik (Prof. Schuh): \u201eEntwicklung eines datenbasierten\nZielsystems zum Management der Produktkomplexit\u00e4t\u201c (Note: 2.0)<\/p>\n\n\n\n<p>Abschlussnote 2.6, 16.11.2017<\/p>\n\n\n\n<h4><strong>Abitur, <em>G<\/em><\/strong><em>ymnasium Fabritianum, Krefeld<\/em><\/h4>\n\n\n\n<p>2013<\/p>\n\n\n\n<p>Abschlussnote 1.3<\/p>\n\n\n\n<hr class=\"wp-block-separator\"\/>\n\n\n\n<h2>ERFAHRUNGEN<\/h2>\n\n\n\n<h4>Praktikant, Project Management R&amp;D,<em> Infineon Technologies AG, Warstein<\/em><\/h4>\n\n\n\n<p>04\/2019 &#8211; 09\/2019<\/p>\n\n\n\n<p>Bewertung der Implementierung von agilen Arbeitsmethoden<br>Erste Erfahrungen mit MS Project<br>Koordination des Prototypenbaus zweier Projekte<br>Einf\u00fchrung und Moderation von JIRA<br>Analyse bestehender Projektteamstrukturen<br>Unterst\u00fctzung und Vertretung von Projektleitern <br>Selbstst\u00e4ndige Einarbeitung in bisher unbekannte technische Grundlagen<\/p>\n\n\n\n<h4>Studentische Hilfskraft, <em>IAW &#8211; Lehrstuhl und Institut f\u00fcr Arbeitswissenschaft, RWTH Aachen<\/em><\/h4>\n\n\n\n<p>06\/2018 \u2013 03\/2019<\/p>\n\n\n\n<p>Wissenschaftliche Ver\u00f6ffentlichungen in Bereichen der Arbeitswissenschaft<br>Verst\u00e4ndliche Aufbereitung von arbeitswissenschaftlichen Themen<br>Durchf\u00fchrung von Workshops, Impulsvortr\u00e4gen, Webinaren und Expertendiskussionen<br>Systematische Literaturrecherche und Literaturbeschaffung<br>Neuentwicklung von Vorlesungs- und \u00dcbungsinhalten<\/p>\n\n\n\n<h4>Technisches und Betriebswirtschaftliches Praktikum, <em>Scheidt &amp; Bachmann GmbH, M\u00f6nchengladbach<\/em><\/h4>\n\n\n\n<p>09\/2016 \u2013 12\/2016<\/p>\n\n\n\n<p>Vertrieb <\/p>\n\n\n\n<ul><li>Anfertigung von Feasibility Studies zur Kundenakquise<\/li><li>Erstellung von Schulungsmaterial<\/li><li>Market Research<\/li><\/ul>\n\n\n\n<p>Qualit\u00e4tssicherung<\/p>\n\n\n\n<ul><li>Anfertigung von Prozessdiagrammen<\/li><li>Qualit\u00e4tspr\u00fcfungen in der Fertigung<\/li><\/ul>\n\n\n\n<p>Controlling<\/p>\n\n\n\n<ul><li>Neuauflage von Reporting Tools<\/li><\/ul>\n\n\n\n<p>Service<\/p>\n\n\n\n<ul><li>Ersatzteilmanagement<\/li><\/ul>\n\n\n\n<h4><strong>Technisches Praktikum,<\/strong> <em>ANDRITZ K\u00fcsters GmbH, Krefeld<\/em><\/h4>\n\n\n\n<p>06\/2013 \u2013 07\/2013<\/p>\n\n\n\n<p>Mitarbeit in der Instandhaltung, der Fertigung und der Montage Eigenverantwortliche Herstellung von Ersatzteilen <br>Selbstst\u00e4ndige Durchf\u00fchrung von Montageschritten<\/p>\n\n\n\n<h4>Technisches Praktikum,<em> Schmolz + Bickenbach Guss GmbH, Krefeld<\/em><\/h4>\n\n\n\n<p>06\/2013<\/p>\n\n\n\n<p>Mitarbeit im Rahmen der Gie\u00dfereiarbeit<\/p>\n\n\n\n<h4><strong>Sch\u00fclerpraktikum,<\/strong>&nbsp;<em>Siemens AG, Krefeld<\/em><\/h4>\n\n\n\n<p>07\/2011<\/p>\n\n\n\n<p>Einf\u00fchrung in spanende Fertigungsverfahren<br>Mitarbeit in der Montage des ICE 4<\/p>\n\n\n\n<hr class=\"wp-block-separator\"\/>\n\n\n\n<h2>EHRENAMTLICHES ENGAGEMENT<\/h2>\n\n\n\n<h4><strong>Mitglied AG Unternehmen,<\/strong> <em>Ingenieure ohne Grenzen, RG Aachen<\/em><\/h4>\n\n\n\n<p>10\/2018 &#8211; 03\/2019<\/p>\n\n\n\n<p>\u00d6ffentlichkeitsarbeit f\u00fcr die Regionalgruppe Aachen<br>Strategieentwicklung zur Herangehensweise an Unternehmen<br>Vorbereitung und Unterst\u00fctzung von Pressegespr\u00e4chen<\/p>\n\n\n\n<h4><strong>Kassenwart und Vorstand,<\/strong> ramnet e.V.<\/h4>\n\n\n\n<p>12\/2014 \u2013 10\/2018<\/p>\n\n\n\n<p>Fehlerfreie F\u00fchrung der Kasse und \u00dcberwachung der Budgets, Einkauf<\/p>\n\n\n\n<p>Durchf\u00fchrung von mehreren Infrastrukturprojekten u.a.:<\/p>\n\n\n\n<ul><li>Umbau des Serverraums f\u00fcr USV und Klimaanlage<\/li><li>Kostenorientierte Beschaffung komplett neuer Serverinfrastruktur<\/li><li>Koordination und Rollout einer WLAN-Infrastruktur mit \u00fcber 100 separaten Montageterminen in unter 6 Monaten <\/li><\/ul>\n\n\n\n<p>Usermanagement und Support, Netzwerkwartung<br>Reibungslose, begleitende \u00dcbergabe des Vereinsgesch\u00e4fts an neuen Vorstand<\/p>\n\n\n\n<hr class=\"wp-block-separator\"\/>\n\n\n\n<h2>KENNTNISSE<\/h2>\n\n\n\n<p>Sprachen<\/p>\n\n\n\n<ul><li>Deutsch, Muttersprache<\/li><li>Englisch, verhandlungssicher<\/li><li>Franz\u00f6sisch, Grundkenntnisse<\/li><li>Niederl\u00e4ndisch, Grundkenntnisse<\/li><\/ul>\n\n\n\n<p>MS Office Programme wie Word, Excel, PowerPoint (mit Efficient Elements) und Visio<\/p>\n\n\n\n<p>Erste Erfahrung mit Creo und Inventor<\/p>\n\n\n\n<p>Programmiersprachen wie Java und Javascript<\/p>\n\n\n\n<p>Einplatinencomputer wie Raspberry Pi und Arduino<\/p>\n\n\n\n<p>Ubiquiti Unifi<\/p>\n\n\n\n<hr class=\"wp-block-separator\"\/>\n\n\n\n<h2>SONSTIGE ERFAHRUNG<\/h2>\n\n\n\n<h4><strong>Eventmanagement,<\/strong>&nbsp;&#8222;Bounce Ball Krefeld&#8220;<\/h4>\n\n\n\n<p>05\/2017 \u2013 12\/2018<\/p>\n\n\n\n<p>Betreuung und Durchf\u00fchrung von Sportveranstaltungen im Bubble Soccer, Firmenevents und Privatveranstaltungen<\/p>\n\n\n\n<p>Betreuung Sommerfest 2017 der Oettinger Brauerei in M\u00f6nchengladbach <\/p>\n\n\n\n<p>Austragung 1. NRW Meisterschaft 2018<\/p>\n\n\n\n<hr class=\"wp-block-separator\"\/>\n\n\n\n<h2>INTERESSEN<\/h2>\n\n\n\n<p>Joggen, Rad fahren, Klettern, Fitness, Kochen, Posaune allein oder in Ensemble spielen<\/p>\n\n\n\n<p><\/p>\n\n\n\n<p>Aachen, im Dezember 2018<\/p>\n","protected":false},"excerpt":{"rendered":"<p>Guten Tag, mein Name ist Florian Weiland. Derzeit studiere ich im Master Wirtschaftsingenieurwesen Maschinenbau an der RWTH Aachen. Lernen Sie mich doch in meinem Lebenslauf kennen! Oder schreiben Sie mir unter: kontakt [at] florian-weiland.de oder direkt hier. Sie erreichen mich auch bei LinkedIn und Xing. &nbsp; &nbsp; &nbsp; Lebenslauf STUDIUM M.Sc. Wirtschaftsingenieurwesen Maschinenbau, RWTH Aachen &hellip; <\/p>\n<p class=\"link-more\"><a href=\"https:\/\/florian-weiland.de\/\" class=\"more-link\"><span class=\"screen-reader-text\">\u201eWillkommen!\u201c<\/span> weiterlesen<\/a><\/p>\n","protected":false},"author":1,"featured_media":0,"parent":0,"menu_order":0,"comment_status":"closed","ping_status":"closed","template":"","meta":[],"_links":{"self":[{"href":"https:\/\/florian-weiland.de\/index.php?rest_route=\/wp\/v2\/pages\/2"}],"collection":[{"href":"https:\/\/florian-weiland.de\/index.php?rest_route=\/wp\/v2\/pages"}],"about":[{"href":"https:\/\/florian-weiland.de\/index.php?rest_route=\/wp\/v2\/types\/page"}],"author":[{"embeddable":true,"href":"https:\/\/florian-weiland.de\/index.php?rest_route=\/wp\/v2\/users\/1"}],"replies":[{"embeddable":true,"href":"https:\/\/florian-weiland.de\/index.php?rest_route=%2Fwp%2Fv2%2Fcomments&post=2"}],"version-history":[{"count":14,"href":"https:\/\/florian-weiland.de\/index.php?rest_route=\/wp\/v2\/pages\/2\/revisions"}],"predecessor-version":[{"id":89,"href":"https:\/\/florian-weiland.de\/index.php?rest_route=\/wp\/v2\/pages\/2\/revisions\/89"}],"wp:attachment":[{"href":"https:\/\/florian-weiland.de\/index.php?rest_route=%2Fwp%2Fv2%2Fmedia&parent=2"}],"curies":[{"name":"wp","href":"https:\/\/api.w.org\/{rel}","templated":true}]}}